{"id":3356,"date":"2025-08-12T18:08:32","date_gmt":"2025-08-12T18:08:32","guid":{"rendered":"https:\/\/ingalanterija.rs\/sisko\/?page_id=3356"},"modified":"2025-11-06T04:43:26","modified_gmt":"2025-11-06T04:43:26","slug":"kontakt","status":"publish","type":"page","link":"https:\/\/sisko.si\/de\/kontakt\/","title":{"rendered":"Kontakt"},"content":{"rendered":"\t\t<div data-elementor-type=\"wp-page\" data-elementor-id=\"3356\" class=\"elementor elementor-3356 elementor-147\" data-elementor-post-type=\"page\">\n\t\t\t\t<div class=\"elementor-element elementor-element-b8633cd e-flex e-con-boxed e-con e-parent\" data-id=\"b8633cd\" data-element_type=\"container\" data-e-type=\"container\" data-settings=\"{&quot;background_background&quot;:&quot;classic&quot;,&quot;jet_parallax_layout_list&quot;:[]}\">\n\t\t\t\t\t<div class=\"e-con-inner\">\n\t\t\t\t\t<\/div>\n\t\t\t\t<\/div>\n\t\t<div class=\"elementor-element elementor-element-643038c5 e-flex e-con-boxed e-con e-parent\" data-id=\"643038c5\" data-element_type=\"container\" data-e-type=\"container\" data-settings=\"{&quot;background_background&quot;:&quot;classic&quot;,&quot;jet_parallax_layout_list&quot;:[]}\">\n\t\t\t\t\t<div class=\"e-con-inner\">\n\t\t\t\t<div class=\"elementor-element elementor-element-c9d1aef jet-breadcrumbs-align-right elementor-widget elementor-widget-jet-breadcrumbs\" data-id=\"c9d1aef\" data-element_type=\"widget\" data-e-type=\"widget\" data-widget_type=\"jet-breadcrumbs.default\">\n\t\t\t\t<div class=\"elementor-widget-container\">\n\t\t\t\t\t<div class=\"elementor-jet-breadcrumbs jet-blocks\">\n\t\t<div class=\"jet-breadcrumbs\">\n\t\t<div class=\"jet-breadcrumbs__content\">\n\t\t<div class=\"jet-breadcrumbs__wrap\"><div class=\"jet-breadcrumbs__item\"><a href=\"https:\/\/sisko.si\/de\/\" class=\"jet-breadcrumbs__item-link is-home\" rel=\"home\" title=\"Startseite\">Startseite<\/a><\/div>\n\t\t<\/div>\n\t\t<\/div>\n\t\t<\/div><\/div>\t\t\t\t<\/div>\n\t\t\t\t<\/div>\n\t\t\t\t\t<\/div>\n\t\t\t\t<\/div>\n\t\t<div class=\"elementor-element elementor-element-a80b83d e-flex e-con-boxed e-con e-parent\" data-id=\"a80b83d\" data-element_type=\"container\" data-e-type=\"container\" data-settings=\"{&quot;jet_parallax_layout_list&quot;:[]}\">\n\t\t\t\t\t<div class=\"e-con-inner\">\n\t\t\t\t<div class=\"elementor-element elementor-element-97b41b8 elementor-widget elementor-widget-heading\" data-id=\"97b41b8\" data-element_type=\"widget\" data-e-type=\"widget\" data-widget_type=\"heading.default\">\n\t\t\t\t\t<h1 class=\"elementor-heading-title elementor-size-default\">KONTAKT<\/h1>\t\t\t\t<\/div>\n\t\t<div class=\"elementor-element elementor-element-588102c e-con-full e-flex e-con e-child\" data-id=\"588102c\" data-element_type=\"container\" data-e-type=\"container\" data-settings=\"{&quot;jet_parallax_layout_list&quot;:[]}\">\n\t\t\t\t<div class=\"elementor-element elementor-element-d8f6fa2 elementor-widget__width-initial elementor-widget elementor-widget-text-editor\" data-id=\"d8f6fa2\" data-element_type=\"widget\" data-e-type=\"widget\" data-widget_type=\"text-editor.default\">\n\t\t\t\t\t\t\t\t\t<h3>\u0160i\u0161ko steklarstvo d.o.o.<\/h3><p>Podbev\u0161kova ulica 3<br \/>8000 Novo mesto<br \/>Slovenija<\/p><p>T: +386 (0)7 337 65 30<br \/>T: +386 (0)41 649 273<\/p><p>E: info@sisko.si<\/p><p><strong>\u00d6ffnungszeiten:<\/strong>\u00a0Montag \u2013 Freitag, 7:00-16:00 Uhr<\/p><p><strong>Unternehmensnummer:<\/strong>\u00a01271270<br \/><strong>Steuernummer:<\/strong>\u00a0SI47018844<br \/><strong>Bankkonto:<\/strong>\u00a002970-0050689843, gef\u00fchrt bei NLB, d.d.<br \/><strong>T\u00e4tigkeitskennziffer:<\/strong>\u00a0DI 26.120, Gestaltung und Verarbeitung von Fachglas<\/p>\t\t\t\t\t\t\t\t<\/div>\n\t\t\t\t<div class=\"elementor-element elementor-element-13c55d2 elementor-widget__width-initial elementor-widget elementor-widget-google_maps\" data-id=\"13c55d2\" data-element_type=\"widget\" data-e-type=\"widget\" data-widget_type=\"google_maps.default\">\n\t\t\t\t\t\t\t<div class=\"elementor-custom-embed\">\n\t\t\t<iframe loading=\"lazy\"\n\t\t\t\t\tsrc=\"https:\/\/maps.google.com\/maps?q=Podbev%C5%A1kova%20ulica%203%208000%20Novo%20mesto%20Slovenija&#038;t=m&#038;z=12&#038;output=embed&#038;iwloc=near\"\n\t\t\t\t\ttitle=\"Podbev\u0161kova ulica 3 8000 Novo mesto Slovenija\"\n\t\t\t\t\taria-label=\"Podbev\u0161kova ulica 3 8000 Novo mesto Slovenija\"\n\t\t\t><\/iframe>\n\t\t<\/div>\n\t\t\t\t\t\t<\/div>\n\t\t\t\t<\/div>\n\t\t\t\t<div class=\"elementor-element elementor-element-28b198e elementor-widget elementor-widget-heading\" data-id=\"28b198e\" data-element_type=\"widget\" data-e-type=\"widget\" data-widget_type=\"heading.default\">\n\t\t\t\t\t<h1 class=\"elementor-heading-title elementor-size-default\">Andere Kontakte<\/h1>\t\t\t\t<\/div>\n\t\t\t\t\t<\/div>\n\t\t\t\t<\/div>\n\t\t<div class=\"elementor-element elementor-element-d21c7f9 e-flex e-con-boxed e-con e-parent\" data-id=\"d21c7f9\" data-element_type=\"container\" data-e-type=\"container\" data-settings=\"{&quot;jet_parallax_layout_list&quot;:[]}\">\n\t\t\t\t\t<div class=\"e-con-inner\">\n\t\t<div class=\"elementor-element elementor-element-5be10dd e-con-full e-flex e-con e-child\" data-id=\"5be10dd\" data-element_type=\"container\" data-e-type=\"container\" data-settings=\"{&quot;jet_parallax_layout_list&quot;:[]}\">\n\t\t\t\t<div class=\"elementor-element elementor-element-b166a73 elementor-position-top elementor-widget elementor-widget-image-box\" data-id=\"b166a73\" data-element_type=\"widget\" data-e-type=\"widget\" data-widget_type=\"image-box.default\">\n\t\t\t\t\t<div class=\"elementor-image-box-wrapper\"><figure class=\"elementor-image-box-img\"><img fetchpriority=\"high\" decoding=\"async\" width=\"500\" height=\"500\" src=\"https:\/\/sisko.si\/wp-content\/uploads\/2025\/09\/avatar.png\" class=\"attachment-full size-full wp-image-3355\" alt=\"\" srcset=\"https:\/\/sisko.si\/wp-content\/uploads\/2025\/09\/avatar.png 500w, https:\/\/sisko.si\/wp-content\/uploads\/2025\/09\/avatar-300x300.png 300w, https:\/\/sisko.si\/wp-content\/uploads\/2025\/09\/avatar-150x150.png 150w\" sizes=\"(max-width: 500px) 100vw, 500px\" \/><\/figure><div class=\"elementor-image-box-content\"><h3 class=\"elementor-image-box-title\">Borut \u0160i\u0161ko<\/h3><p class=\"elementor-image-box-description\">Direktor <br><br>\n\n<a href=\"tel:+38673376531\" style=\"font-size:14px;color:#888888\">\n  +386 (0)7 33 76 531\n<\/a><br>\n\n<a href=\"mailto:borut@sisko.si\" style=\"font-size:14px;color:#00b0ad;text-decoration:none\"><b>borut@sisko.si<\/b><\/a>\n<\/p><\/div><\/div>\t\t\t\t<\/div>\n\t\t\t\t<\/div>\n\t\t<div class=\"elementor-element elementor-element-aa44992 e-con-full e-flex e-con e-child\" data-id=\"aa44992\" data-element_type=\"container\" data-e-type=\"container\" data-settings=\"{&quot;jet_parallax_layout_list&quot;:[]}\">\n\t\t\t\t<div class=\"elementor-element elementor-element-f8c20b5 elementor-position-top elementor-widget elementor-widget-image-box\" data-id=\"f8c20b5\" data-element_type=\"widget\" data-e-type=\"widget\" data-widget_type=\"image-box.default\">\n\t\t\t\t\t<div class=\"elementor-image-box-wrapper\"><figure class=\"elementor-image-box-img\"><img fetchpriority=\"high\" decoding=\"async\" width=\"500\" height=\"500\" src=\"https:\/\/sisko.si\/wp-content\/uploads\/2025\/09\/avatar.png\" class=\"attachment-full size-full wp-image-3355\" alt=\"\" srcset=\"https:\/\/sisko.si\/wp-content\/uploads\/2025\/09\/avatar.png 500w, https:\/\/sisko.si\/wp-content\/uploads\/2025\/09\/avatar-300x300.png 300w, https:\/\/sisko.si\/wp-content\/uploads\/2025\/09\/avatar-150x150.png 150w\" sizes=\"(max-width: 500px) 100vw, 500px\" \/><\/figure><div class=\"elementor-image-box-content\"><h3 class=\"elementor-image-box-title\">Gregor \u0160i\u0161ko<\/h3><p class=\"elementor-image-box-description\">Produktionsleiter\n<br><br>\n\n<a href=\"tel:+38673376530\" style=\"font-size:14px;color:#888888\">\n  +386 (0)7 33 76 530\n<\/a><br>\n\n<a href=\"mailto:gregor@sisko.si\" style=\"font-size:14px;color:#00b0ad;text-decoration:none\"><b>gregor@sisko.si<\/b><\/a>\n<\/p><\/div><\/div>\t\t\t\t<\/div>\n\t\t\t\t<\/div>\n\t\t<div class=\"elementor-element elementor-element-5d6edf5 e-con-full e-flex e-con e-child\" data-id=\"5d6edf5\" data-element_type=\"container\" data-e-type=\"container\" data-settings=\"{&quot;jet_parallax_layout_list&quot;:[]}\">\n\t\t\t\t<div class=\"elementor-element elementor-element-fb0e679 elementor-position-top elementor-widget elementor-widget-image-box\" data-id=\"fb0e679\" data-element_type=\"widget\" data-e-type=\"widget\" data-widget_type=\"image-box.default\">\n\t\t\t\t\t<div class=\"elementor-image-box-wrapper\"><figure class=\"elementor-image-box-img\"><img fetchpriority=\"high\" decoding=\"async\" width=\"500\" height=\"500\" src=\"https:\/\/sisko.si\/wp-content\/uploads\/2025\/09\/avatar.png\" class=\"attachment-full size-full wp-image-3355\" alt=\"\" srcset=\"https:\/\/sisko.si\/wp-content\/uploads\/2025\/09\/avatar.png 500w, https:\/\/sisko.si\/wp-content\/uploads\/2025\/09\/avatar-300x300.png 300w, https:\/\/sisko.si\/wp-content\/uploads\/2025\/09\/avatar-150x150.png 150w\" sizes=\"(max-width: 500px) 100vw, 500px\" \/><\/figure><div class=\"elementor-image-box-content\"><h3 class=\"elementor-image-box-title\">Nina Rustja<\/h3><p class=\"elementor-image-box-description\">Verkaufsmanagerin\n<br><br>\n\n<a href=\"tel:+38673376532\" style=\"font-size:14px;color:#888888\">\n  +386 (0)7 33 76 532\n<\/a><br>\n\n<a href=\"mailto:nina@sisko.si\" style=\"font-size:14px;color:#00b0ad;text-decoration:none\"><b>nina@sisko.si<\/b><\/a>\n<\/p><\/div><\/div>\t\t\t\t<\/div>\n\t\t\t\t<\/div>\n\t\t\t\t\t<\/div>\n\t\t\t\t<\/div>\n\t\t<div class=\"elementor-element elementor-element-86e903d e-flex e-con-boxed e-con e-parent\" data-id=\"86e903d\" data-element_type=\"container\" data-e-type=\"container\" data-settings=\"{&quot;jet_parallax_layout_list&quot;:[]}\">\n\t\t\t\t\t<div class=\"e-con-inner\">\n\t\t<div class=\"elementor-element elementor-element-1c2d198 e-con-full e-flex e-con e-child\" data-id=\"1c2d198\" data-element_type=\"container\" data-e-type=\"container\" data-settings=\"{&quot;jet_parallax_layout_list&quot;:[]}\">\n\t\t\t\t<div class=\"elementor-element elementor-element-7ddc69c elementor-position-top elementor-widget elementor-widget-image-box\" data-id=\"7ddc69c\" data-element_type=\"widget\" data-e-type=\"widget\" data-widget_type=\"image-box.default\">\n\t\t\t\t\t<div class=\"elementor-image-box-wrapper\"><figure class=\"elementor-image-box-img\"><img fetchpriority=\"high\" decoding=\"async\" width=\"500\" height=\"500\" src=\"https:\/\/sisko.si\/wp-content\/uploads\/2025\/09\/avatar.png\" class=\"attachment-full size-full wp-image-3355\" alt=\"\" srcset=\"https:\/\/sisko.si\/wp-content\/uploads\/2025\/09\/avatar.png 500w, https:\/\/sisko.si\/wp-content\/uploads\/2025\/09\/avatar-300x300.png 300w, https:\/\/sisko.si\/wp-content\/uploads\/2025\/09\/avatar-150x150.png 150w\" sizes=\"(max-width: 500px) 100vw, 500px\" \/><\/figure><div class=\"elementor-image-box-content\"><h3 class=\"elementor-image-box-title\">Rafael Fabijan<\/h3><p class=\"elementor-image-box-description\">Projektleiter\n<br><br>\n\n<a href=\"tel:+38631655945\" style=\"font-size:14px;color:#888888\">\n  +386 (0)31 655 945\n<\/a><br>\n\n<a href=\"mailto:rafael@sisko.si\" style=\"font-size:14px;color:#00b0ad;text-decoration:none\"><b>rafael@sisko.si<\/b><\/a>\n<\/p><\/div><\/div>\t\t\t\t<\/div>\n\t\t\t\t<\/div>\n\t\t<div class=\"elementor-element elementor-element-f947e93 e-con-full e-flex e-con e-child\" data-id=\"f947e93\" data-element_type=\"container\" data-e-type=\"container\" data-settings=\"{&quot;jet_parallax_layout_list&quot;:[]}\">\n\t\t\t\t<div class=\"elementor-element elementor-element-7a258bf elementor-position-top elementor-widget elementor-widget-image-box\" data-id=\"7a258bf\" data-element_type=\"widget\" data-e-type=\"widget\" data-widget_type=\"image-box.default\">\n\t\t\t\t\t<div class=\"elementor-image-box-wrapper\"><figure class=\"elementor-image-box-img\"><img fetchpriority=\"high\" decoding=\"async\" width=\"500\" height=\"500\" src=\"https:\/\/sisko.si\/wp-content\/uploads\/2025\/09\/avatar.png\" class=\"attachment-full size-full wp-image-3355\" alt=\"\" srcset=\"https:\/\/sisko.si\/wp-content\/uploads\/2025\/09\/avatar.png 500w, https:\/\/sisko.si\/wp-content\/uploads\/2025\/09\/avatar-300x300.png 300w, https:\/\/sisko.si\/wp-content\/uploads\/2025\/09\/avatar-150x150.png 150w\" sizes=\"(max-width: 500px) 100vw, 500px\" \/><\/figure><div class=\"elementor-image-box-content\"><h3 class=\"elementor-image-box-title\">Danijel Keglovi\u010d<\/h3><p class=\"elementor-image-box-description\">Technologe\n<br><br>\n\n<a href=\"tel:+38641649273\" style=\"font-size:14px;color:#888888\">\n  +386 (0)41 649 273\n<\/a><br>\n\n<a href=\"mailto:info@sisko.si\" style=\"font-size:14px;color:#00b0ad;text-decoration:none\"><b>info@sisko.si<\/b><\/a>\n<\/p><\/div><\/div>\t\t\t\t<\/div>\n\t\t\t\t<\/div>\n\t\t<div class=\"elementor-element elementor-element-89ea2a1 e-con-full e-flex e-con e-child\" data-id=\"89ea2a1\" data-element_type=\"container\" data-e-type=\"container\" data-settings=\"{&quot;jet_parallax_layout_list&quot;:[]}\">\n\t\t\t\t<div class=\"elementor-element elementor-element-f8a4561 elementor-position-top elementor-widget elementor-widget-image-box\" data-id=\"f8a4561\" data-element_type=\"widget\" data-e-type=\"widget\" data-widget_type=\"image-box.default\">\n\t\t\t\t\t<div class=\"elementor-image-box-wrapper\"><figure class=\"elementor-image-box-img\"><img fetchpriority=\"high\" decoding=\"async\" width=\"500\" height=\"500\" src=\"https:\/\/sisko.si\/wp-content\/uploads\/2025\/09\/avatar.png\" class=\"attachment-full size-full wp-image-3355\" alt=\"\" srcset=\"https:\/\/sisko.si\/wp-content\/uploads\/2025\/09\/avatar.png 500w, https:\/\/sisko.si\/wp-content\/uploads\/2025\/09\/avatar-300x300.png 300w, https:\/\/sisko.si\/wp-content\/uploads\/2025\/09\/avatar-150x150.png 150w\" sizes=\"(max-width: 500px) 100vw, 500px\" \/><\/figure><div class=\"elementor-image-box-content\"><h3 class=\"elementor-image-box-title\">Rok Kocjan<\/h3><p class=\"elementor-image-box-description\">Technologe\n<br><br>\n\n<a href=\"tel:+38641318733\" style=\"font-size:14px;color:#888888\">\n  +386 (0)41 318 733\n<\/a><br>\n\n<a href=\"mailto:tehnologija@sisko.si\" style=\"font-size:14px;color:#00b0ad;text-decoration:none\"><b>tehnologija@sisko.si<\/b><\/a>\n<\/p><\/div><\/div>\t\t\t\t<\/div>\n\t\t\t\t<\/div>\n\t\t\t\t\t<\/div>\n\t\t\t\t<\/div>\n\t\t<div class=\"elementor-element elementor-element-468c7c3 e-flex e-con-boxed e-con e-parent\" data-id=\"468c7c3\" data-element_type=\"container\" data-e-type=\"container\" data-settings=\"{&quot;jet_parallax_layout_list&quot;:[]}\">\n\t\t\t\t\t<div class=\"e-con-inner\">\n\t\t<div class=\"elementor-element elementor-element-57291d6 e-con-full e-flex e-con e-child\" data-id=\"57291d6\" data-element_type=\"container\" data-e-type=\"container\" data-settings=\"{&quot;jet_parallax_layout_list&quot;:[]}\">\n\t\t\t\t<\/div>\n\t\t<div class=\"elementor-element elementor-element-424fbe7 e-con-full e-flex e-con e-child\" data-id=\"424fbe7\" data-element_type=\"container\" data-e-type=\"container\" data-settings=\"{&quot;jet_parallax_layout_list&quot;:[]}\">\n\t\t\t\t<div class=\"elementor-element elementor-element-429d5a5 elementor-position-top elementor-widget elementor-widget-image-box\" data-id=\"429d5a5\" data-element_type=\"widget\" data-e-type=\"widget\" data-widget_type=\"image-box.default\">\n\t\t\t\t\t<div class=\"elementor-image-box-wrapper\"><figure class=\"elementor-image-box-img\"><img fetchpriority=\"high\" decoding=\"async\" width=\"500\" height=\"500\" src=\"https:\/\/sisko.si\/wp-content\/uploads\/2025\/09\/avatar.png\" class=\"attachment-full size-full wp-image-3355\" alt=\"\" srcset=\"https:\/\/sisko.si\/wp-content\/uploads\/2025\/09\/avatar.png 500w, https:\/\/sisko.si\/wp-content\/uploads\/2025\/09\/avatar-300x300.png 300w, https:\/\/sisko.si\/wp-content\/uploads\/2025\/09\/avatar-150x150.png 150w\" sizes=\"(max-width: 500px) 100vw, 500px\" \/><\/figure><div class=\"elementor-image-box-content\"><h3 class=\"elementor-image-box-title\">Simona Slak<\/h3><p class=\"elementor-image-box-description\">Gesch\u00e4ftssekret\u00e4rin\n<br><br>\n\n<a href=\"tel:+38673376532\" style=\"font-size:14px;color:#888888\">\n  +386 (0)7 33 76 532\n<\/a><br>\n\n<a href=\"mailto:info@sisko.si\" style=\"font-size:14px;color:#00b0ad;text-decoration:none\"><b>simona@sisko.si<\/b><\/a>\n<\/p><\/div><\/div>\t\t\t\t<\/div>\n\t\t\t\t<\/div>\n\t\t<div class=\"elementor-element elementor-element-158b162 e-con-full e-flex e-con e-child\" data-id=\"158b162\" data-element_type=\"container\" data-e-type=\"container\" data-settings=\"{&quot;jet_parallax_layout_list&quot;:[]}\">\n\t\t\t\t<\/div>\n\t\t\t\t\t<\/div>\n\t\t\t\t<\/div>\n\t\t<div class=\"elementor-element elementor-element-2d43931 e-flex e-con-boxed e-con e-parent\" data-id=\"2d43931\" data-element_type=\"container\" data-e-type=\"container\" data-settings=\"{&quot;jet_parallax_layout_list&quot;:[]}\">\n\t\t\t\t\t<div class=\"e-con-inner\">\n\t\t\t\t<div class=\"elementor-element elementor-element-ebb269f elementor-widget elementor-widget-heading\" data-id=\"ebb269f\" data-element_type=\"widget\" data-e-type=\"widget\" data-widget_type=\"heading.default\">\n\t\t\t\t\t<h1 class=\"elementor-heading-title elementor-size-default\">M\u00f6chten Sie mehr erfahren?<\/h1>\t\t\t\t<\/div>\n\t\t\t\t<div class=\"elementor-element elementor-element-1052f9d elementor-widget__width-initial elementor-button-align-stretch elementor-widget elementor-widget-form\" data-id=\"1052f9d\" data-element_type=\"widget\" data-e-type=\"widget\" data-settings=\"{&quot;step_next_label&quot;:&quot;Next&quot;,&quot;step_previous_label&quot;:&quot;Previous&quot;,&quot;button_width&quot;:&quot;100&quot;,&quot;step_type&quot;:&quot;number_text&quot;,&quot;step_icon_shape&quot;:&quot;circle&quot;}\" data-widget_type=\"form.default\">\n\t\t\t\t\t\t\t<form class=\"elementor-form\" method=\"post\" name=\"Kontakt DE\" aria-label=\"Kontakt DE\">\n\t\t\t<input type=\"hidden\" name=\"post_id\" value=\"3356\"\/>\n\t\t\t<input type=\"hidden\" name=\"form_id\" value=\"1052f9d\"\/>\n\t\t\t<input type=\"hidden\" name=\"referer_title\" value=\"Kontakt | \u0160i\u0161ko steklarstvo\" \/>\n\n\t\t\t\t\t\t\t<input type=\"hidden\" name=\"queried_id\" value=\"3356\"\/>\n\t\t\t\n\t\t\t<div class=\"elementor-form-fields-wrapper elementor-labels-above\">\n\t\t\t\t\t\t\t\t<div class=\"elementor-field-type-text elementor-field-group elementor-column elementor-field-group-name elementor-col-100 elementor-field-required elementor-mark-required\">\n\t\t\t\t\t\t\t\t\t\t\t\t<label for=\"form-field-name\" class=\"elementor-field-label\">\n\t\t\t\t\t\t\t\tVor- und Nachname\t\t\t\t\t\t\t<\/label>\n\t\t\t\t\t\t\t\t\t\t\t\t\t\t<input size=\"1\" type=\"text\" name=\"form_fields[name]\" id=\"form-field-name\" class=\"elementor-field elementor-size-sm  elementor-field-textual\" required=\"required\">\n\t\t\t\t\t\t\t\t\t\t\t<\/div>\n\t\t\t\t\t\t\t\t<div class=\"elementor-field-type-text elementor-field-group elementor-column elementor-field-group-field_f700da9 elementor-col-100 elementor-field-required elementor-mark-required\">\n\t\t\t\t\t\t\t\t\t\t\t\t<label for=\"form-field-field_f700da9\" class=\"elementor-field-label\">\n\t\t\t\t\t\t\t\tPLZ und Ort\t\t\t\t\t\t\t<\/label>\n\t\t\t\t\t\t\t\t\t\t\t\t\t\t<input size=\"1\" type=\"text\" name=\"form_fields[field_f700da9]\" id=\"form-field-field_f700da9\" class=\"elementor-field elementor-size-sm  elementor-field-textual\" required=\"required\">\n\t\t\t\t\t\t\t\t\t\t\t<\/div>\n\t\t\t\t\t\t\t\t<div class=\"elementor-field-type-email elementor-field-group elementor-column elementor-field-group-email elementor-col-100 elementor-field-required elementor-mark-required\">\n\t\t\t\t\t\t\t\t\t\t\t\t<label for=\"form-field-email\" class=\"elementor-field-label\">\n\t\t\t\t\t\t\t\tE-Mail-Adresse\t\t\t\t\t\t\t<\/label>\n\t\t\t\t\t\t\t\t\t\t\t\t\t\t<input size=\"1\" type=\"email\" name=\"form_fields[email]\" id=\"form-field-email\" class=\"elementor-field elementor-size-sm  elementor-field-textual\" required=\"required\">\n\t\t\t\t\t\t\t\t\t\t\t<\/div>\n\t\t\t\t\t\t\t\t<div class=\"elementor-field-type-upload elementor-field-group elementor-column elementor-field-group-field_98c4607 elementor-col-100 elementor-field-required elementor-mark-required\">\n\t\t\t\t\t\t\t\t\t\t\t\t<label for=\"form-field-field_98c4607\" class=\"elementor-field-label\">\n\t\t\t\t\t\t\t\tAnhang (unverbindlich)\t\t\t\t\t\t\t<\/label>\n\t\t\t\t\t\t\t\t<input type=\"file\" name=\"form_fields[field_98c4607][]\" id=\"form-field-field_98c4607\" class=\"elementor-field elementor-size-sm  elementor-upload-field\" required=\"required\" multiple=\"multiple\">\n\n\t\t\t\t\t\t<\/div>\n\t\t\t\t\t\t\t\t<div class=\"elementor-field-type-textarea elementor-field-group elementor-column elementor-field-group-message elementor-col-100\">\n\t\t\t\t\t\t\t\t\t\t\t\t<label for=\"form-field-message\" class=\"elementor-field-label\">\n\t\t\t\t\t\t\t\tNachricht\t\t\t\t\t\t\t<\/label>\n\t\t\t\t\t\t<textarea class=\"elementor-field-textual elementor-field  elementor-size-sm\" name=\"form_fields[message]\" id=\"form-field-message\" rows=\"4\"><\/textarea>\t\t\t\t<\/div>\n\t\t\t\t\t\t\t\t<div class=\"elementor-field-type-acceptance elementor-field-group elementor-column elementor-field-group-field_e395163 elementor-col-100\">\n\t\t\t\t\t\t\t<div class=\"elementor-field-subgroup\">\n\t\t\t<span class=\"elementor-field-option\">\n\t\t\t\t<input type=\"checkbox\" name=\"form_fields[field_e395163]\" id=\"form-field-field_e395163\" class=\"elementor-field elementor-size-sm  elementor-acceptance-field\">\n\t\t\t\t<label for=\"form-field-field_e395163\">Hiermit erkl\u00e4re ich mich ausdr\u00fccklich damit einverstanden, dass die Firma \u0160i\u0161ko steklarstvo d.o.o. die oben genannten personenbezogenen Daten bearbeitet, wenn es f\u00fcr mein Interesse an den L\u00f6sungen und Produkten des Unternehmens geht und mich per Telefon oder E-Mail kontaktiert . Ich best\u00e4tige auch, dass ich mit meinen Rechten im Bezug auf personenbezogenen Daten vertraut geworden bin.<\/label>\t\t\t<\/span>\n\t\t<\/div>\n\t\t\t\t\t\t<\/div>\n\t\t\t\t\t\t\t\t<div class=\"elementor-field-group elementor-column elementor-field-type-submit elementor-col-100 e-form__buttons\">\n\t\t\t\t\t<button class=\"elementor-button elementor-size-sm\" type=\"submit\">\n\t\t\t\t\t\t<span class=\"elementor-button-content-wrapper\">\n\t\t\t\t\t\t\t\t\t\t\t\t\t\t\t\t\t\t\t\t\t\t<span class=\"elementor-button-text\">ABSENDEN<\/span>\n\t\t\t\t\t\t\t\t\t\t\t\t\t<\/span>\n\t\t\t\t\t<\/button>\n\t\t\t\t<\/div>\n\t\t\t<\/div>\n\t\t<\/form>\n\t\t\t\t\t\t<\/div>\n\t\t\t\t<div class=\"elementor-element elementor-element-dc15723 elementor-widget elementor-widget-text-editor\" data-id=\"dc15723\" data-element_type=\"widget\" data-e-type=\"widget\" data-widget_type=\"text-editor.default\">\n\t\t\t\t\t\t\t\t\t<p>Die Firma\u00a0<strong>\u0160i\u0161ko steklarstvo d.o.o.<\/strong>\u00a0wird Ihre personenbezogenen Daten mit Sorgfalt und in \u00dcbereinstimmung mit der Allgemeinen Datenschutzverordnung (DSGVO) behandeln. Wir werden Ihre bereitgestellten Informationen nur f\u00fcr die Zwecke verwenden, f\u00fcr die Sie Ihre Zustimmung gegeben haben.<\/p><p>Sie k\u00f6nnen jederzeit anfordern:<\/p><ul><li>Korrektur Ihrer personenbezogenen Daten mit einer schriftlichen Anforderung an\u00a0<a href=\"mailto:info@sisko.si\" target=\"_blank\" rel=\"noopener\">info@sisko.si<\/a>\u00a0oder \u00fcber die Website.<\/li><li>Dauerhafte L\u00f6schung personenbezogener Daten mit einer schriftlichen Anforderung an\u00a0<a href=\"mailto:info@sisko.si\" target=\"_blank\" rel=\"noopener\">info@sisko.si<\/a>\u00a0oder \u00fcber die Website.<\/li><li>Zugang und Einblick in personenbezogene Daten mit einer schriftlichen Anforderung an\u00a0<a href=\"mailto:info@sisko.si\" target=\"_blank\" rel=\"noopener\">info@sisko.si<\/a>\u00a0oder \u00fcber die Website.<\/li><\/ul><p>Betrieblicher Datenschutzbeauftragte:<\/p><p>\u0160i\u0161ko steklarstvo d.o.o., Podbev\u0161kova ulica 3, 8000 Novo mesto, Slowenien<\/p>\t\t\t\t\t\t\t\t<\/div>\n\t\t\t\t\t<\/div>\n\t\t\t\t<\/div>\n\t\t\t\t<\/div>\n\t\t","protected":false},"excerpt":{"rendered":"<p>Startseite KONTAKT \u0160i\u0161ko steklarstvo d.o.o. Podbev\u0161kova ulica 38000 Novo mestoSlovenija T: +386 (0)7 337 65 30T: +386 (0)41 649 273 E: info@sisko.si \u00d6ffnungszeiten:\u00a0Montag \u2013 Freitag, 7:00-16:00 Uhr Unternehmensnummer:\u00a01271270Steuernummer:\u00a0SI47018844Bankkonto:\u00a002970-0050689843, gef\u00fchrt bei NLB, d.d.T\u00e4tigkeitskennziffer:\u00a0DI 26.120, Gestaltung und Verarbeitung von Fachglas Andere Kontakte Borut \u0160i\u0161ko Direktor +386 (0)7 33 76 531 borut@sisko.si Gregor \u0160i\u0161ko Produktionsleiter +386 (0)7 33 [&hellip;]<\/p>\n","protected":false},"author":2,"featured_media":0,"parent":0,"menu_order":0,"comment_status":"closed","ping_status":"closed","template":"elementor_header_footer","meta":{"footnotes":""},"class_list":["post-3356","page","type-page","status-publish","hentry"],"_links":{"self":[{"href":"https:\/\/sisko.si\/de\/wp-json\/wp\/v2\/pages\/3356","targetHints":{"allow":["GET"]}}],"collection":[{"href":"https:\/\/sisko.si\/de\/wp-json\/wp\/v2\/pages"}],"about":[{"href":"https:\/\/sisko.si\/de\/wp-json\/wp\/v2\/types\/page"}],"author":[{"embeddable":true,"href":"https:\/\/sisko.si\/de\/wp-json\/wp\/v2\/users\/2"}],"replies":[{"embeddable":true,"href":"https:\/\/sisko.si\/de\/wp-json\/wp\/v2\/comments?post=3356"}],"version-history":[{"count":26,"href":"https:\/\/sisko.si\/de\/wp-json\/wp\/v2\/pages\/3356\/revisions"}],"predecessor-version":[{"id":4496,"href":"https:\/\/sisko.si\/de\/wp-json\/wp\/v2\/pages\/3356\/revisions\/4496"}],"wp:attachment":[{"href":"https:\/\/sisko.si\/de\/wp-json\/wp\/v2\/media?parent=3356"}],"curies":[{"name":"wp","href":"https:\/\/api.w.org\/{rel}","templated":true}]}}